{"id":24,"date":"2015-12-23T14:09:15","date_gmt":"2015-12-23T14:09:15","guid":{"rendered":"http:\/\/karunga.de\/?page_id=24"},"modified":"2024-01-11T11:57:52","modified_gmt":"2024-01-11T11:57:52","slug":"spenden","status":"publish","type":"page","link":"https:\/\/karunga.de\/?page_id=24","title":{"rendered":"Spenden"},"content":{"rendered":"<p><strong>SPENDENKONTO<br>Karunga e. V.<\/strong><br>Kreissparkasse Heilbronn<br>IBAN&nbsp; DE30 6205 0000 0000 3208 52<\/p>\n<p><span style=\"color: #000000;\"><strong>Alle Spenden, die wir erhalten, &nbsp;kommen zu 100 Prozent dem Vereinszweck zugute.<br>Die sehr geringen Sachkosten&nbsp;des Vereins&nbsp;werden ausschlie\u00dflich durch die Beitr\u00e4ge der Vereinsmitglieder bestritten. <\/strong><\/span><\/p>\n<p><strong>SPENDENBESCHEINIGUNG<\/strong><br>Als gemeinn\u00fctzig anerkannter Verein stellen wir Ihnen gerne eine Spendenbescheinigung f\u00fcrs Finanzamt aus.<br>Geben Sie dazu bei der \u00dcberweisung bitte <strong>Ihre Adresse<\/strong> an, sofern Sie nicht sicher sind, dass diese uns&nbsp;bereits bekannt ist.<\/p>\n<p><span style=\"color: #000000;\"><strong>Wenn Sie noch Fragen haben, schreiben Sie uns einfach eine Mail an vorstand@karunga.de<\/strong><\/span><\/p>\n\n\n<p><\/p>\n","protected":false},"excerpt":{"rendered":"<p>SPENDENKONTOKarunga e. V.Kreissparkasse HeilbronnIBAN&nbsp; DE30 6205 0000 0000 3208 52 Alle Spenden, die wir erhalten, &nbsp;kommen zu 100 Prozent dem Vereinszweck zugute.Die sehr geringen Sachkosten&nbsp;des Vereins&nbsp;werden ausschlie\u00dflich durch die Beitr\u00e4ge der Vereinsmitglieder bestritten. SPENDENBESCHEINIGUNGAls gemeinn\u00fctzig anerkannter Verein stellen wir Ihnen gerne eine Spendenbescheinigung f\u00fcrs Finanzamt aus.Geben Sie dazu bei der \u00dcberweisung bitte Ihre Adresse an, &hellip; <a href=\"https:\/\/karunga.de\/?page_id=24\" class=\"more-link\"><span class=\"screen-reader-text\">Spenden<\/span> weiterlesen <span class=\"meta-nav\">&rarr;<\/span><\/a><\/p>\n","protected":false},"author":1,"featured_media":0,"parent":0,"menu_order":0,"comment_status":"closed","ping_status":"closed","template":"page-templates\/full-width.php","meta":{"ngg_post_thumbnail":0,"footnotes":""},"folder":[],"class_list":["post-24","page","type-page","status-publish","hentry"],"_links":{"self":[{"href":"https:\/\/karunga.de\/index.php?rest_route=\/wp\/v2\/pages\/24","targetHints":{"allow":["GET"]}}],"collection":[{"href":"https:\/\/karunga.de\/index.php?rest_route=\/wp\/v2\/pages"}],"about":[{"href":"https:\/\/karunga.de\/index.php?rest_route=\/wp\/v2\/types\/page"}],"author":[{"embeddable":true,"href":"https:\/\/karunga.de\/index.php?rest_route=\/wp\/v2\/users\/1"}],"replies":[{"embeddable":true,"href":"https:\/\/karunga.de\/index.php?rest_route=%2Fwp%2Fv2%2Fcomments&post=24"}],"version-history":[{"count":25,"href":"https:\/\/karunga.de\/index.php?rest_route=\/wp\/v2\/pages\/24\/revisions"}],"predecessor-version":[{"id":1328,"href":"https:\/\/karunga.de\/index.php?rest_route=\/wp\/v2\/pages\/24\/revisions\/1328"}],"wp:attachment":[{"href":"https:\/\/karunga.de\/index.php?rest_route=%2Fwp%2Fv2%2Fmedia&parent=24"}],"wp:term":[{"taxonomy":"folder","embeddable":true,"href":"https:\/\/karunga.de\/index.php?rest_route=%2Fwp%2Fv2%2Ffolder&post=24"}],"curies":[{"name":"wp","href":"https:\/\/api.w.org\/{rel}","templated":true}]}}