{"id":1224,"date":"2023-04-28T06:31:00","date_gmt":"2023-04-28T06:31:00","guid":{"rendered":"https:\/\/karunga.de\/?page_id=1224"},"modified":"2023-05-31T08:05:51","modified_gmt":"2023-05-31T08:05:51","slug":"aktuelle-information","status":"publish","type":"page","link":"https:\/\/karunga.de\/?page_id=1224","title":{"rendered":"AKTUELLE STELLUNGNAHME"},"content":{"rendered":"\n<p class=\"has-medium-font-size\"><strong>Der Mann, dessen Projekt wir bis 2021 unterst\u00fctzt haben, wird in Kenia des sexuellen Missbrauchs beschuldigt. Er wurde von seinen eigenen Mitarbeitern angezeigt und befindet sich in Untersuchungshaft.<\/strong><\/p>\n\n\n\n<p>Dar\u00fcber berichtete auch der <strong>SWR am 27.4.2023 in seiner Sendung &#8222;Zur Sache Baden-W\u00fcrttemberg&#8220;:<\/strong> <br>Hier die <em><strong>vollst\u00e4ndige  <\/strong><\/em>STELLUNGNAHME des Vereinsvorsitzenden an den SWR, die dann dem SPIEGEL weitergereicht wurde:<\/p>\n\n\n\n<p class=\"has-light-green-cyan-background-color has-background\">&#8222;<strong>Die Vorkommisse im Fall Martin Baumg\u00e4rtner haben Vorstand und Mitglieder des Vereins Karunga sehr betroffen gemacht und besch\u00e4ftigen uns nachhaltig.<\/strong><br><strong>Wir verfolgen diese Thematik seit 2016, als wir \u00fcber die Vorg\u00e4nge in den 80er Jahren erfahren haben. Seinerzeit haben wir alle bekannten Fakten, Mutma\u00dfungen und relevanten Dimensionen sorgf\u00e4ltig abgewogen und danach in der Tat entschieden, das von Herrn Baumg\u00e4rtner initiierte Landwirtschaftliche Entwicklungsprojekt weiter zu unterst\u00fctzen, allerdings mit hoher Wachsamkeit f\u00fcr m\u00f6gliche Gef\u00e4hrdungen von Kindeswohl oder von jungen Erwachsenen, die in einem wirtschaftlichen Abh\u00e4ngigkeitsverh\u00e4ltnis zu Herrn Baumg\u00e4rtner standen. Aktuelle einschl\u00e4gige Vorkommnisse waren damals jedoch nicht bekannt und wurden bei verschiedentlichen Nachfragen verneint.<\/strong><br><br><strong>Inzwischen haben wir dennoch von sexuellen \u00dcbergriffen erfahren m\u00fcssen, die es nicht h\u00e4tte geben d\u00fcrfen. Durch unseren R\u00fcckzug aus dem Projekt w\u00e4ren sie nicht vermieden worden.<\/strong><br><strong>Die Kontakte zu den bisherigen Mitarbeitern der Farm und ihr gewachsenes Vertrauen haben jetzt dazu beigetragen, dass es zu einer erfolgreichen Anzeige kam. Andernfalls w\u00e4ren die Vorkommnisse heute kaum vor einem kenianischen Gericht.<\/strong><br><strong>Unsere aktive Sorge gilt heute den Betroffenen in Kenia.<\/strong> <strong>Weitere \u00f6ffentliche Informationen erscheinen uns nicht sachdienlich.<\/strong> <strong>Ich bitte um Verst\u00e4ndnis, dass ich f\u00fcr ein TV-Interview nicht zu Verf\u00fcgung stehe.<\/strong>&#8222;<\/p>\n\n\n\n<p>In der SWR-Sendung wurde diese Stellungnahme <strong>auf einen einzigen Satz verk\u00fcrzt<\/strong>:  \u201e<em>Durch unseren R\u00fcckzug aus dem Projekt w\u00e4ren [die sexuellen \u00dcbergriffe] nicht vermieden worden<\/em>.\u201c&nbsp;<br>Diese verst\u00fcmmelte Version erweckt im Kontext der Sendung den Eindruck, als h\u00e4tten wir die M\u00f6glichkeit von \u00dcbergriffen auf die leichte Schulter genommen und das Projekt unkritisch weiter unterst\u00fctzt. <\/p>\n\n\n\n<p>Tats\u00e4chlich haben wir nicht weggeschaut, sondern die Jahre danach die Situation vor Ort kritisch im Blick behalten, mit Herrn Baumg\u00e4rtner thematisiert wie auch bei Mitarbeitern nachgefragt, u.a.  bei Projektbesuchen 2017 und 2018 . Das w\u00e4re nicht m\u00f6glich gewesen, h\u00e4tte der Verein die Verbindung zum Projekt bereits 2016\/2017 eingestellt. Wir haben Herrn Baumg\u00e4rtner klar kommuniziert, dass solche Vorkommnisse, wenn es sie auf dem Hof g\u00e4be oder gegeben habe,  f\u00fcr uns intolerabel w\u00e4ren. <\/p>\n\n\n\n<p>Bis zum Ende der Unterst\u00fctzung des Projekts von Herrn Baumg\u00e4rtner &#8211; faktisch im Februar 2021 &#8211; gab es keinerlei Hinweise auf tats\u00e4chliche sexuelle \u00dcbergriffe auf dem Projekthof, sondern allein Kenntnisse von zwei Vorf\u00e4llen in seinen sp\u00e4ten Jugendjahren, die 35 Jahre zur\u00fcck lagen. <\/p>\n\n\n\n<p>&#8222;<em>Einmal T\u00e4ter &#8211; immer T\u00e4te<\/em>r&#8220; &#8211; diese These erschien uns zu einfach, um das Gef\u00e4hrdungspotential zu bestimmen und die schwierige Frage zu entscheiden, ob wir das Projekt f\u00fcr L\u00e4ndliche Entwicklung und Kleinbauern weiter unterst\u00fctzen k\u00f6nnen. Das Projekt galt allseits als beispielhaft, mit dem richtigen Ansatz, es war konkret und direkt bei denen, die Hilfe brauchten. Die Unterst\u00fctzung einzustellen, h\u00e4tte mit all ihren Konsequenzen verantwortet werden m\u00fcssen: das Projektziel &#8222;Hilfe f\u00fcr die Kleinbauern&#8220; w\u00e4re aufgegeben worden. Die im Projekt besch\u00e4ftigten Erwachsenen h\u00e4tten ihren Arbeitsplatz verloren,  mit dem sie ihre Familien ern\u00e4hren konnten.  Solche Aspekte abzuw\u00e4gen erschien den Kritikern nicht angemessen; sie bestritten teilweise \u00fcberhaupt, dass die Projektziele ernsthaft verfolgt w\u00fcrden.  <\/p>\n\n\n\n<p>Gleichwohl  m\u00fcssen wir im Nachhinein anerkennen, dass wir mit unserer Einsch\u00e4tzung von Herrn Baumg\u00e4rtner falsch lagen und uns von ihm auch haben t\u00e4uschen lassen. Wir sind best\u00fcrzt und schockiert \u00fcber die Vorf\u00e4lle, die jetzt ans Tageslicht kommen. Wir bedauern au\u00dferordentlich, dass wir die \u00dcbergriffe nicht verhindern konnten.<br>Die fortbestehenden Kontakte haben es f\u00fcr Martin Baumg\u00e4rtner immerhin riskanter gemacht, die &#8222;Gelegenheitsstrukturen&#8220; auszunutzen.  <\/p>\n\n\n\n<p>Als im Dezember 2022 Betroffene sich mit der Bitte um Rat und Hilfe an mich wandten, habe ich sie uneingeschr\u00e4nkt unterst\u00fctzt, begleitet und ermutigt, \u00fcber die Vorf\u00e4lle mit der vermittelten Kontaktperson zu sprechen. Daf\u00fcr waren und sind die Betroffenen sehr dankbar. Ohne das Vertrauen zum Vereinsvorstand h\u00e4tten sie kaum den Mut gefasst, das Erlebte zur Anzeige zu bringen. <\/p>\n\n\n\n<p>Wir hoffen mit ihnen, dass sie jetzt Gerechtigkeit erfahren.  Wir begleiten sie weiterhin und tun, was in unserer M\u00f6glichkeit steht, dass sie ihre schlimmen Erfahrungen bew\u00e4ltigen und dass sie eine neue berufliche und wirtschaftliche Perspektive finden. <\/p>\n\n\n\n<p>Heilbronn, 30. April 2023,  Peter Seitz, Vorstand<\/p>\n\n\n\n<p>Statement bei SWR4 am 2.5.2023<br><a href=\"https:\/\/www.swr.de\/~embed\/swraktuell\/baden-wuerttemberg\/heilbronn\/peter-seitz-vom-foerderverein-karunga-zum-missbrauchsfall-in-kenia-100.html\">https:\/\/www.swr.de\/~embed\/swraktuell\/baden-wuerttemberg\/heilbronn\/peter-seitz-vom-foerderverein-karunga-zum-missbrauchsfall-in-kenia-100.html<\/a><\/p>\n","protected":false},"excerpt":{"rendered":"<p>Der Mann, dessen Projekt wir bis 2021 unterst\u00fctzt haben, wird in Kenia des sexuellen Missbrauchs beschuldigt. Er wurde von seinen eigenen Mitarbeitern angezeigt und befindet sich in Untersuchungshaft. Dar\u00fcber berichtete auch der SWR am 27.4.2023 in seiner Sendung &#8222;Zur Sache Baden-W\u00fcrttemberg&#8220;: Hier die vollst\u00e4ndige STELLUNGNAHME des Vereinsvorsitzenden an den SWR, die dann dem SPIEGEL weitergereicht &hellip; <a href=\"https:\/\/karunga.de\/?page_id=1224\" class=\"more-link\"><span class=\"screen-reader-text\">AKTUELLE STELLUNGNAHME<\/span> weiterlesen <span class=\"meta-nav\">&rarr;<\/span><\/a><\/p>\n","protected":false},"author":1,"featured_media":0,"parent":0,"menu_order":0,"comment_status":"closed","ping_status":"closed","template":"","meta":{"ngg_post_thumbnail":0,"footnotes":""},"folder":[],"class_list":["post-1224","page","type-page","status-publish","hentry"],"_links":{"self":[{"href":"https:\/\/karunga.de\/index.php?rest_route=\/wp\/v2\/pages\/1224","targetHints":{"allow":["GET"]}}],"collection":[{"href":"https:\/\/karunga.de\/index.php?rest_route=\/wp\/v2\/pages"}],"about":[{"href":"https:\/\/karunga.de\/index.php?rest_route=\/wp\/v2\/types\/page"}],"author":[{"embeddable":true,"href":"https:\/\/karunga.de\/index.php?rest_route=\/wp\/v2\/users\/1"}],"replies":[{"embeddable":true,"href":"https:\/\/karunga.de\/index.php?rest_route=%2Fwp%2Fv2%2Fcomments&post=1224"}],"version-history":[{"count":53,"href":"https:\/\/karunga.de\/index.php?rest_route=\/wp\/v2\/pages\/1224\/revisions"}],"predecessor-version":[{"id":1315,"href":"https:\/\/karunga.de\/index.php?rest_route=\/wp\/v2\/pages\/1224\/revisions\/1315"}],"wp:attachment":[{"href":"https:\/\/karunga.de\/index.php?rest_route=%2Fwp%2Fv2%2Fmedia&parent=1224"}],"wp:term":[{"taxonomy":"folder","embeddable":true,"href":"https:\/\/karunga.de\/index.php?rest_route=%2Fwp%2Fv2%2Ffolder&post=1224"}],"curies":[{"name":"wp","href":"https:\/\/api.w.org\/{rel}","templated":true}]}}