{"id":1151,"date":"2021-12-22T11:40:38","date_gmt":"2021-12-22T11:40:38","guid":{"rendered":"https:\/\/karunga.de\/?page_id=1151"},"modified":"2023-05-31T07:58:44","modified_gmt":"2023-05-31T07:58:44","slug":"wichtige-information","status":"publish","type":"page","link":"https:\/\/karunga.de\/?page_id=1151","title":{"rendered":"WICHTIGER HINWEIS"},"content":{"rendered":"\n<h1 class=\"wp-block-heading\"><a href=\"https:\/\/karunga.de\/?p=1122\">Zusammenarbeit<\/a><br><a href=\"https:\/\/karunga.de\/?p=1122\">mit Martin Baumg\u00e4rtner beendet!<\/a><\/h1>\n\n\n\n<p class=\"has-medium-font-size\"><strong>Unser Grundanliegen <strong>ist<\/strong>, die l\u00e4ndliche Entwicklung in Kenia zu unterst\u00fctzen sowie den Menschen dort zu helfen, eine Lebens- und Bleibe-Perpektive zu haben.<\/strong><\/p>\n\n\n\n<p class=\"has-medium-font-size\"><strong>Unser aktueller Schwerpunkt ist die schulische und berufliche Ausbildung von Kindern, Jugendlichen und jungen Erwachsenen in der Region Bahati-Nakuru.<\/strong><br><\/p>\n\n\n\n<p class=\"has-vivid-red-color has-text-color\" style=\"font-style:normal;font-weight:600\">Die Zusammenarbeit mit Martin Baumg\u00e4rtner und seiner Farm wurde mit Beschluss der Mitgliederversammlung im September 2021 eingestellt. Wir erkennen die Farm nicht mehr als &#8222;<em>Projekt<\/em>&#8222;-hof an.<\/p>\n\n\n\n<p class=\"has-vivid-red-color has-text-color\" style=\"font-style:normal;font-weight:600\">Personelle Ma\u00dfnahmen auf der Farm, nicht ausreichend nachvollziehbare Verwendung der Mittel und geringer Output f\u00fcr die Kleinbauern stellten die F\u00f6rderungsw\u00fcrdigkeit zunehmend in Frage. Zweifel an der Verl\u00e4sslichkeit der Informationen und das Ausbleiben eines konstruktiven Dialoges haben der vertrauensvollen Zusammenarbeit letztendlich die Basis entzogen.<\/p>\n\n\n\n<p class=\"has-vivid-red-color has-text-color\" style=\"font-style:normal;font-weight:600\">Diese Entscheidung war uns nach acht Jahren engagierter pers\u00f6nlicher Unterst\u00fctzung des Projektes nicht leicht gefallen.<\/p>\n\n\n\n<p>22.12.2021  Peter Seitz, Vorstand<\/p>\n\n\n\n<p class=\"has-medium-font-size\"><\/p>\n","protected":false},"excerpt":{"rendered":"<p>Zusammenarbeitmit Martin Baumg\u00e4rtner beendet! Unser Grundanliegen ist, die l\u00e4ndliche Entwicklung in Kenia zu unterst\u00fctzen sowie den Menschen dort zu helfen, eine Lebens- und Bleibe-Perpektive zu haben. Unser aktueller Schwerpunkt ist die schulische und berufliche Ausbildung von Kindern, Jugendlichen und jungen Erwachsenen in der Region Bahati-Nakuru. Die Zusammenarbeit mit Martin Baumg\u00e4rtner und seiner Farm wurde mit &hellip; <a href=\"https:\/\/karunga.de\/?page_id=1151\" class=\"more-link\"><span class=\"screen-reader-text\">WICHTIGER HINWEIS<\/span> weiterlesen <span class=\"meta-nav\">&rarr;<\/span><\/a><\/p>\n","protected":false},"author":1,"featured_media":0,"parent":0,"menu_order":0,"comment_status":"closed","ping_status":"closed","template":"","meta":{"ngg_post_thumbnail":0,"footnotes":""},"folder":[],"class_list":["post-1151","page","type-page","status-publish","hentry"],"_links":{"self":[{"href":"https:\/\/karunga.de\/index.php?rest_route=\/wp\/v2\/pages\/1151","targetHints":{"allow":["GET"]}}],"collection":[{"href":"https:\/\/karunga.de\/index.php?rest_route=\/wp\/v2\/pages"}],"about":[{"href":"https:\/\/karunga.de\/index.php?rest_route=\/wp\/v2\/types\/page"}],"author":[{"embeddable":true,"href":"https:\/\/karunga.de\/index.php?rest_route=\/wp\/v2\/users\/1"}],"replies":[{"embeddable":true,"href":"https:\/\/karunga.de\/index.php?rest_route=%2Fwp%2Fv2%2Fcomments&post=1151"}],"version-history":[{"count":32,"href":"https:\/\/karunga.de\/index.php?rest_route=\/wp\/v2\/pages\/1151\/revisions"}],"predecessor-version":[{"id":1312,"href":"https:\/\/karunga.de\/index.php?rest_route=\/wp\/v2\/pages\/1151\/revisions\/1312"}],"wp:attachment":[{"href":"https:\/\/karunga.de\/index.php?rest_route=%2Fwp%2Fv2%2Fmedia&parent=1151"}],"wp:term":[{"taxonomy":"folder","embeddable":true,"href":"https:\/\/karunga.de\/index.php?rest_route=%2Fwp%2Fv2%2Ffolder&post=1151"}],"curies":[{"name":"wp","href":"https:\/\/api.w.org\/{rel}","templated":true}]}}